{"id":749,"date":"2018-12-17T14:07:27","date_gmt":"2018-12-17T13:07:27","guid":{"rendered":"http:\/\/wavehouse-pobierowo.pl\/?page_id=749"},"modified":"2021-06-16T09:33:18","modified_gmt":"2021-06-16T07:33:18","slug":"wazne-informacje","status":"publish","type":"page","link":"https:\/\/wavehouse-pobierowo.pl\/de\/?page_id=749","title":{"rendered":"Wichtige Informationen"},"content":{"rendered":"<p>[vc_row][vc_column][vc_column_text size=&#8221;0&#8243;]<\/p>\n<div class=\"m_32172201375755915page-header\">\n<div class=\"m_32172201375755915page-title m_32172201375755915text-center\">\n<h1 class=\"m_32172201375755915title\"><span style=\"color: #017876;\">Wichtige Informationen:<\/span><\/h1>\n<p>&nbsp;<\/p>\n<\/div>\n<\/div>\n<div class=\"m_32172201375755915row\">\n<ol>\n<li><span style=\"color: #017876;\">Die Bedingung f\u00fcr die Buchung ist die Anzahlung von 25% des Gesamtpreises. Der Restbetrag muss in bar oder per \u00dcberweisung sp\u00e4testens am Tag der Ankunft vor Ort bezahlt werden.<\/span><\/li>\n<li><span style=\"color: #017876;\">Die zum Zeitpunkt der Buchung angegebene Zeit ist f\u00fcr beide Parteien verbindlich. Bei einem R\u00fccktritt vom Aufenthalt im gebuchten Zeitraum wird die Zahlung nicht zur\u00fcckerstattet.<\/span><\/li>\n<li><span style=\"color: #017876;\">In der Hauptsaison ist der Aufenthalt nur von Samstag bis Samstag bzw. von Sonntag bis Sonntag moglich. Zu anderen Zeiten werden insgesamt 200 PLN f\u00fcr einen Aufenthalt von weniger als 10 N\u00e4chten hinzugef\u00fcgt (f\u00fcr die Endreinigung). In diesem Fall betr\u00e4gt die Anzahlung 50% des Aufenthaltspreises.<\/span><\/li>\n<li><span style=\"color: #017876;\">Der Aufenthalt beginnt am Anreisetag um 16.00 Uhr und endet am Abreisetag um 10.00 Uhr. Wenn Sie das Ferienhaus verlassen, muss ebenfalls der Parkplatz freigegeben werden. Nachdem Verlassen des Ferienhauses ist es nicht m\u00f6glich, in einem anderem Ferienhaus auf dem Gel\u00e4nde zu verbleiben (z.B. bei Freunden).<\/span><\/li>\n<li><span style=\"color: #017876;\">Die Unterkunft bietet keine R\u00e4umlichkeiten f\u00fcr G\u00e4ste, die vor 16.00 Uhr anreisen.<\/span><\/li>\n<li><span style=\"color: #017876;\">Kostenlos stehen zur Verf\u00fcgung: Babybetten und Babyliegen, Badewannen, Hochst\u00fchle. Es ist notwendig, uns bei der Buchung dar\u00fcber zu informieren, falls Sie diese Dinge ben\u00f6tigen. Eine sp\u00e4tere Nachfrage garantiert nicht die Verf\u00fcgbarkeit.<\/span><\/li>\n<li><span style=\"color: #017876;\">Wogen der Sicherheitsbestimmungen ( Erreichbar uber einer Leitet ) darf die Empore nur von Personen ab 12 Jahren genutzt werden.<\/span><\/li>\n<li><span style=\"color: #017876;\">Ebenfalls kostenlos sind: Handt\u00fccher (1 Satz pro Aufenthalt), Staubsauger, Waschmaschine, Geschirrsp\u00fcler, Kaffeemaschine und Strandausr\u00fcstung. Wir bieten so genannte Starter-Kit (Kaffee, Sp\u00fclmaschinenkapseln, W\u00e4sches\u00e4ckchen).Weitere notwendige Utensilien k\u00f6nnen Sie in einem nahe gelegenen Gesch\u00e4ft erwerben.<\/span><\/li>\n<li><span style=\"color: #017876;\">F\u00fcr jedes Haus gibt es auf dem Grundst\u00fcck Platz f\u00fcr maximal zwei Autos.<\/span><\/li>\n<li><span style=\"color: #017876;\">Die Kurtaxe wird gem\u00e4\u00df dem in der Gemeinde geltenden Satzes f\u00e4llig.<\/span><\/li>\n<li><span style=\"color: #017876;\">In der gesamten Anlage gibt es kostenloses WLAN. <\/span><\/li>\n<li><span style=\"color: #017876;\">Wir bietet keine Mahlzeiten an. Diese k\u00f6nnen Sie zum Beispiel im ganzj\u00e4hrig ge\u00f6ffneten G\u00e4stehaus Paula kaufen, das etwa 70 m entfernt ist. In der Saison empfehlen wir Ihnen das Restaurant Buraczki i Sp\u00f3\u0142ka (200 m entfernt) oder andere Restaurants in Pobierowo.<\/span><\/li>\n<li><span style=\"color: #017876;\">. In der Zeit von April bis Oktober besuchen uns viele Familien mit kleinen Kindern. Aus diesem Grund bitten wir sowohl unsere kleinen als auch gro\u00dfen G\u00e4ste f\u00fcr entsprechende Ruhe zu sorgen. Dies gilt sowohl f\u00fcr die Nacht als auch f\u00fcr den Tag. Bei zu lautem Verhalten (laute Musik, lautes Feiern usw.) behalten wir uns das Recht vor, einzugreifen. Wir bitten um das Einhalten der nachtlichen Ruhe in der Zeit von 23-6 Uhr. Diese Vereinbarung gilt nicht f\u00fcr Silvester.<\/span><\/li>\n<li><span style=\"color: #017876;\">Der Aufenthalt von Personen, die keine angemeldeten G\u00e4ste bei uns sind, erfordert eine vorherige Benachrichtigung der Verwaltung. Die Gesamtzahl der Personen, die sich in dem Haus aufhalten, darf die f\u00fcr das Haus angegebene Anzahl nicht \u00fcberschreiten. Die maximale Dauer des Besuchs kann 2 Stunden betragen, ohne dass z. B. Dusche, K\u00fcche oder Parkplatz mitbenutzt werden. Ein l\u00e4ngerer Aufenthalt ist nur bei freien Kapazit\u00e4ten im Haus m\u00f6glich und erfordert eine Anmeldung und Bezahlung f\u00fcr den Aufenthalt. F\u00fcr Feste, Grillen und Alkoholkonsum laden Sie bitte Ihre Freunde au\u00dferhalb des Grundst\u00fccks ein. Abweichungen von dieser Regel sind nicht vorgesehen. Denken Sie daher bitte sorgf\u00e4ltig dar\u00fcber nach, bevor Sie eine Reservierung vornehmen.<\/span><\/li>\n<li><span style=\"color: #017876;\">Das Rauchen ist in den H\u00e4usern sowie auf dem gesamten Gel\u00e4nde wegen Brandschutzgefahr nicht gestattet.<\/span><\/li>\n<li><span style=\"color: #017876;\">Leider erlauben wir keinerlei Haustiere.<\/span><\/li>\n<\/ol>\n<\/div>\n<p>[\/vc_column_text][\/vc_column][\/vc_row]<\/p>\n","protected":false},"excerpt":{"rendered":"<p>[vc_row][vc_column][vc_column_text size=&#8221;0&#8243;] Wichtige Informationen: &nbsp; Die Bedingung f\u00fcr die Buchung ist die Anzahlung von 25% des Gesamtpreises. Der Restbetrag muss in bar oder per \u00dcberweisung sp\u00e4testens am Tag der Ankunft vor Ort bezahlt werden. Die zum Zeitpunkt der Buchung angegebene Zeit ist f\u00fcr beide Parteien verbindlich. Bei einem R\u00fccktritt vom Aufenthalt im gebuchten Zeitraum wird &hellip;<\/p>\n","protected":false},"author":1,"featured_media":0,"parent":0,"menu_order":0,"comment_status":"closed","ping_status":"closed","template":"","meta":[],"_links":{"self":[{"href":"https:\/\/wavehouse-pobierowo.pl\/de\/index.php?rest_route=\/wp\/v2\/pages\/749"}],"collection":[{"href":"https:\/\/wavehouse-pobierowo.pl\/de\/index.php?rest_route=\/wp\/v2\/pages"}],"about":[{"href":"https:\/\/wavehouse-pobierowo.pl\/de\/index.php?rest_route=\/wp\/v2\/types\/page"}],"author":[{"embeddable":true,"href":"https:\/\/wavehouse-pobierowo.pl\/de\/index.php?rest_route=\/wp\/v2\/users\/1"}],"replies":[{"embeddable":true,"href":"https:\/\/wavehouse-pobierowo.pl\/de\/index.php?rest_route=%2Fwp%2Fv2%2Fcomments&post=749"}],"version-history":[{"count":13,"href":"https:\/\/wavehouse-pobierowo.pl\/de\/index.php?rest_route=\/wp\/v2\/pages\/749\/revisions"}],"predecessor-version":[{"id":1220,"href":"https:\/\/wavehouse-pobierowo.pl\/de\/index.php?rest_route=\/wp\/v2\/pages\/749\/revisions\/1220"}],"wp:attachment":[{"href":"https:\/\/wavehouse-pobierowo.pl\/de\/index.php?rest_route=%2Fwp%2Fv2%2Fmedia&parent=749"}],"curies":[{"name":"wp","href":"https:\/\/api.w.org\/{rel}","templated":true}]}}