{"id":636,"date":"2018-12-05T10:52:51","date_gmt":"2018-12-05T09:52:51","guid":{"rendered":"http:\/\/wavehouse-pobierowo.pl\/?page_id=636"},"modified":"2019-01-28T10:34:33","modified_gmt":"2019-01-28T09:34:33","slug":"turkusowy","status":"publish","type":"page","link":"https:\/\/wavehouse-pobierowo.pl\/de\/?page_id=636","title":{"rendered":"Das Ferienhaus T\u00fcrkis"},"content":{"rendered":"<p>[vc_row][vc_column][vc_column_text size=&#8221;0&#8243;]<\/p>\n<h1 style=\"text-align: justify;\"><span style=\"color: #009895;\">Das Ferienhaus T\u00fcrkis<\/span><\/h1>\n<p style=\"text-align: justify;\"><span class=\"tekst\" style=\"color: #009999;\">Alle Ferienh\u00e4user verf\u00fcgen \u00fcber eine individuell regulierbare Klimaanlage, eine Fu\u00dfbodenheizung in den B\u00e4dern, eine moderne und funktional eingerichtete K\u00fcchenzeile, einen LED-TV (Smart TV) mit einer gro\u00dfen Auswahl an TV-Programmen, individuelles WLAN-Internet und f\u00fcr Ihren Komfort moderne M\u00f6bel, die auch f\u00fcr Kinder geeignet sind.<\/span><\/p>\n<p style=\"text-align: justify;\"><span class=\"tekst\" style=\"color: #009999;\"><strong>Im Erdgeschoss gibt es:<\/strong><\/span><\/p>\n<ul style=\"text-align: justify;\">\n<li><span style=\"color: #009999;\">Wohnzimmer mit K\u00fcchenzeile und Ausgang zur \u00fcberdachten Terrasse<\/span>\n<ul>\n<li><span style=\"color: #009999;\">Dieses Zimmer verf\u00fcgt \u00fcber ein Schlafsofa f\u00fcr zwei Personen<\/span><\/li>\n<\/ul>\n<\/li>\n<li><span style=\"color: #009999;\">Hauswirtschaftsraum<\/span><\/li>\n<li><span style=\"color: #009999;\">Bad mit Dusche, Waschbecken und Toilette, Waschmaschine und Haartrockner<\/span><\/li>\n<\/ul>\n<p style=\"text-align: justify;\"><span class=\"tekst\" style=\"color: #009999;\"><strong>Im ersten Stock finden Sie:<\/strong><\/span><\/p>\n<ul>\n<li style=\"text-align: justify;\"><span style=\"color: #009999;\">zwei Schlafzimmer mit separaten Eing\u00e4ngen:<\/span>\n<ul>\n<li style=\"text-align: justify;\"><span class=\"tekst\" style=\"color: #009999;\">eines mit einem Doppelbett,<\/span><\/li>\n<li style=\"text-align: justify;\"><span class=\"tekst\" style=\"color: #009999;\">das zweite mit einem Etagenbett (3 Personen)<\/span><\/li>\n<\/ul>\n<\/li>\n<\/ul>\n<p style=\"text-align: justify;\"><span class=\"tekst\" style=\"color: #009999;\"><strong>Es gibt 2 ausklappbare Matratzen f\u00fcr die Empore (als Zusatzbett).<\/strong><\/span><\/p>\n<p style=\"text-align: justify;\"><span class=\"tekst\" style=\"color: #009999;\"><strong>Die Ausstattung der Wohnung beinhaltet zus\u00e4tzlich:<\/strong><\/span><\/p>\n<ul style=\"text-align: justify;\">\n<li><span style=\"color: #009999;\">K\u00fcchenzeile (Zwei-Platten-Elektroherd, Sp\u00fcle, K\u00fchlschrank, Geschirrsp\u00fcler, Mikrowelle, elektrischer Wasserkocher, Kaffeemaschine, Toaster, T\u00f6pfe, Teller, Besteck, Gl\u00e4ser, Tassen, kleines K\u00fcchenzubeh\u00f6r)<\/span><\/li>\n<li><span style=\"color: #009999;\">Bettw\u00e4sche plus 1 Satz Handt\u00fccher (pro Aufenthalt)<\/span><\/li>\n<li><span style=\"color: #009999;\">Babyzubeh\u00f6r (nach vorheriger Anmeldung)<\/span><\/li>\n<li><span style=\"color: #009999;\">2 Liegest\u00fchle, ein Windschutz, ein W\u00e4schest\u00e4nder, ein Staubsauger<\/span><\/li>\n<\/ul>\n<p style=\"text-align: justify;\"><span class=\"tekst\" style=\"color: #009999;\">Das Apartment hat einen direkten Zugang zum Garten \u00fcber eine \u00fcberdachte Terrasse, auf der Sie Gartenm\u00f6bel, einen Grill und einen bequemen Sitz finden.<\/span><\/p>\n<p style=\"text-align: justify;\"><span class=\"tekst\" style=\"color: #009999;\"><strong>Wir empfehlen Ihnen, sich <em><span style=\"text-decoration: underline;\"><a style=\"color: #009999; text-decoration: underline;\" href=\"http:\/\/wavehouse-pobierowo.pl\/cennik\/\" data-saferedirecturl=\"https:\/\/wavehouse-pobierowo.pl\/de\/?page_id=602\">die Preisliste <\/a><\/span><\/em> sowie <span style=\"text-decoration: underline;\"><em><a style=\"color: #009999; text-decoration: underline;\" href=\"https:\/\/wavehouse-pobierowo.pl\/de\/?page_id=19\" data-saferedirecturl=\"https:\/\/wavehouse-pobierowo.pl\/de\/?page_id=19\">die Fotogalerie anzuschauen<\/a><\/em><\/span>.<\/strong><\/span><\/p>\n<p style=\"text-align: justify;\"><strong><span class=\"tekst\" style=\"color: #009999;\">In jeden Ferienhaus erwartet Sie ein kleines Geschenk.<\/span><\/strong><\/p>\n<p>[\/vc_column_text][\/vc_column][\/vc_row][vc_row][vc_column][vc_gallery type=&#8221;image_grid&#8221; images=&#8221;976,977,978,979,980,981,983,984,985,986,987&#8243;][\/vc_column][\/vc_row]<\/p>\n","protected":false},"excerpt":{"rendered":"<p>[vc_row][vc_column][vc_column_text size=&#8221;0&#8243;] Das Ferienhaus T\u00fcrkis Alle Ferienh\u00e4user verf\u00fcgen \u00fcber eine individuell regulierbare Klimaanlage, eine Fu\u00dfbodenheizung in den B\u00e4dern, eine moderne und funktional eingerichtete K\u00fcchenzeile, einen LED-TV (Smart TV) mit einer gro\u00dfen Auswahl an TV-Programmen, individuelles WLAN-Internet und f\u00fcr Ihren Komfort moderne M\u00f6bel, die auch f\u00fcr Kinder geeignet sind. Im Erdgeschoss gibt es: Wohnzimmer mit K\u00fcchenzeile &hellip;<\/p>\n","protected":false},"author":1,"featured_media":0,"parent":0,"menu_order":0,"comment_status":"closed","ping_status":"closed","template":"","meta":[],"_links":{"self":[{"href":"https:\/\/wavehouse-pobierowo.pl\/de\/index.php?rest_route=\/wp\/v2\/pages\/636"}],"collection":[{"href":"https:\/\/wavehouse-pobierowo.pl\/de\/index.php?rest_route=\/wp\/v2\/pages"}],"about":[{"href":"https:\/\/wavehouse-pobierowo.pl\/de\/index.php?rest_route=\/wp\/v2\/types\/page"}],"author":[{"embeddable":true,"href":"https:\/\/wavehouse-pobierowo.pl\/de\/index.php?rest_route=\/wp\/v2\/users\/1"}],"replies":[{"embeddable":true,"href":"https:\/\/wavehouse-pobierowo.pl\/de\/index.php?rest_route=%2Fwp%2Fv2%2Fcomments&post=636"}],"version-history":[{"count":29,"href":"https:\/\/wavehouse-pobierowo.pl\/de\/index.php?rest_route=\/wp\/v2\/pages\/636\/revisions"}],"predecessor-version":[{"id":1128,"href":"https:\/\/wavehouse-pobierowo.pl\/de\/index.php?rest_route=\/wp\/v2\/pages\/636\/revisions\/1128"}],"wp:attachment":[{"href":"https:\/\/wavehouse-pobierowo.pl\/de\/index.php?rest_route=%2Fwp%2Fv2%2Fmedia&parent=636"}],"curies":[{"name":"wp","href":"https:\/\/api.w.org\/{rel}","templated":true}]}}