{"id":602,"date":"2018-12-03T15:50:56","date_gmt":"2018-12-03T14:50:56","guid":{"rendered":"http:\/\/wavehouse-pobierowo.pl\/?page_id=602"},"modified":"2023-03-08T11:24:32","modified_gmt":"2023-03-08T10:24:32","slug":"cennik","status":"publish","type":"page","link":"https:\/\/wavehouse-pobierowo.pl\/de\/?page_id=602","title":{"rendered":"Preisliste"},"content":{"rendered":"<p>[vc_row][vc_column enable_overlay=&#8221;true&#8221; css=&#8221;.vc_custom_1544446109082{margin-bottom: 30px !important;}&#8221;][vc_custom_heading text=&#8221;DREIZIMMERFERIENHAUS mit zusatzlichen Empore<\/p>\r\n<h3>(Preis in PLN pro Wohnung pro Nacht)<\/h3>\r\n<p>&#8221; font_container=&#8221;tag:h2|text_align:center|color:%23009895&#8243; use_theme_fonts=&#8221;yes&#8221;][\/vc_column][vc_column][vc_column_text size=&#8221;0&#8243;]<\/p>\r\n<table>\r\n<tbody>\r\n<tr>\r\n<th class=\"tg-s268\" style=\"text-align: center;\"><span style=\"color: #009895;\">2022 Jahr<br \/><strong>(min. 3 <span class=\"tlid-translation translation\" lang=\"de\"><span class=\"\" title=\"\">Unterkunft<\/span><\/span>)<\/strong><br \/><\/span><\/th>\r\n<th class=\"tg-s268\" style=\"text-align: center;\"><span style=\"color: #009895;\">2-4 <strong>Leute <\/strong><span style=\"text-decoration: underline;\"><strong>(<span class=\"tlid-translation translation\"><span class=\"\" title=\"\">einschlie\u00dflich Kinder<\/span><\/span>)<\/strong><\/span><\/span><\/th>\r\n<th class=\"tg-s268\" style=\"text-align: center;\"><span style=\"color: #009895;\">5-6 <strong>Leute <\/strong><span style=\"text-decoration: underline;\"><strong>(<span class=\"tlid-translation translation\"><span class=\"\" title=\"\">einschlie\u00dflich Kinder<\/span><\/span>)<\/strong><\/span><\/span><\/th>\r\n<th class=\"tg-0lax\" style=\"text-align: center;\"><span style=\"color: #009895;\"><strong>7<br \/><\/strong><strong>Leute\u00a0<span style=\"text-decoration: underline;\">(<span class=\"tlid-translation translation\"><span class=\"\" title=\"\">einschlie\u00dflich Kinder<\/span><\/span>)<\/span> <\/strong><br \/><\/span><\/th>\r\n<th class=\"tg-s268\" style=\"text-align: center;\"><span style=\"color: #009895;\">+ <strong>extra<\/strong><span style=\"text-decoration: underline;\"><strong>(Empore)<\/strong><\/span><br \/><\/span><\/th>\r\n<th class=\"tg-0lax\" style=\"text-align: center;\"><span style=\"color: #009895;\">+ <strong>extra <\/strong><span style=\"text-decoration: underline;\"><strong>(Empore) <\/strong><\/span> <\/span><\/th>\r\n<\/tr>\r\n<tr>\r\n<td class=\"tg-s268\" style=\"text-align: center;\">29.04-03.05<strong><br \/><\/strong><\/td>\r\n<td class=\"tg-s268\" style=\"text-align: center;\">600<\/td>\r\n<td class=\"tg-s268\" style=\"text-align: center;\">640<\/td>\r\n<td class=\"tg-0lax\" style=\"text-align: center;\">740<\/td>\r\n<td class=\"tg-s268\" style=\"text-align: center;\">+ 50<\/td>\r\n<td class=\"tg-0lax\" style=\"text-align: center;\">+ 50<\/td>\r\n<\/tr>\r\n<tr>\r\n<td class=\"tg-s268\" style=\"text-align: center;\">04.05-25.05<\/td>\r\n<td class=\"tg-s268\" style=\"text-align: center;\">460<\/td>\r\n<td class=\"tg-s268\" style=\"text-align: center;\">500<\/td>\r\n<td class=\"tg-0lax\" style=\"text-align: center;\">600<\/td>\r\n<td class=\"tg-s268\" style=\"text-align: center;\">+ 50<\/td>\r\n<td class=\"tg-0lax\" style=\"text-align: center;\">+ 50<\/td>\r\n<\/tr>\r\n<tr>\r\n<td class=\"tg-s268\" style=\"text-align: center;\"><span style=\"color: #000000;\">26.05-05.06<\/span><\/td>\r\n<td class=\"tg-s268\" style=\"text-align: center;\">520<\/td>\r\n<td class=\"tg-s268\" style=\"text-align: center;\">560<\/td>\r\n<td class=\"tg-0lax\" style=\"text-align: center;\">660<\/td>\r\n<td class=\"tg-s268\" style=\"text-align: center;\">+ 50<\/td>\r\n<td class=\"tg-0lax\" style=\"text-align: center;\">+ 50<\/td>\r\n<\/tr>\r\n<tr>\r\n<td class=\"tg-s268\" style=\"text-align: center;\">06.06-11.06<\/td>\r\n<td class=\"tg-s268\" style=\"text-align: center;\">600<\/td>\r\n<td class=\"tg-s268\" style=\"text-align: center;\">640<\/td>\r\n<td class=\"tg-0lax\" style=\"text-align: center;\">740<\/td>\r\n<td class=\"tg-s268\" style=\"text-align: center;\">+ 50<\/td>\r\n<td class=\"tg-0lax\" style=\"text-align: center;\">+ 50<\/td>\r\n<\/tr>\r\n<tr>\r\n<td class=\"tg-s268\" style=\"text-align: center;\">12.06-23.06<\/td>\r\n<td class=\"tg-s268\" style=\"text-align: center;\">560<\/td>\r\n<td class=\"tg-s268\" style=\"text-align: center;\">600<\/td>\r\n<td class=\"tg-0lax\" style=\"text-align: center;\">700<\/td>\r\n<td class=\"tg-s268\" style=\"text-align: center;\">+ 50<\/td>\r\n<td class=\"tg-0lax\" style=\"text-align: center;\">+ 50<\/td>\r\n<\/tr>\r\n<tr>\r\n<td class=\"tg-0lax\" style=\"text-align: center;\">24.06-24.08<\/td>\r\n<td class=\"tg-0lax\" style=\"text-align: center;\">680<\/td>\r\n<td class=\"tg-0lax\" style=\"text-align: center;\">720<\/td>\r\n<td class=\"tg-0lax\" style=\"text-align: center;\">820<\/td>\r\n<td class=\"tg-0lax\" style=\"text-align: center;\">+ 50<\/td>\r\n<td class=\"tg-0lax\" style=\"text-align: center;\">+ 50<\/td>\r\n<\/tr>\r\n<tr>\r\n<td class=\"tg-0lax\" style=\"text-align: center;\">25.08-31.08<\/td>\r\n<td class=\"tg-0lax\" style=\"text-align: center;\">640<\/td>\r\n<td class=\"tg-0lax\" style=\"text-align: center;\">680<\/td>\r\n<td class=\"tg-0lax\" style=\"text-align: center;\">780<\/td>\r\n<td class=\"tg-0lax\" style=\"text-align: center;\">+ 50<\/td>\r\n<td class=\"tg-0lax\" style=\"text-align: center;\">+ 50<\/td>\r\n<\/tr>\r\n<tr>\r\n<td class=\"tg-0lax\" style=\"text-align: center;\">01.09-14.09<\/td>\r\n<td class=\"tg-0lax\" style=\"text-align: center;\">520<\/td>\r\n<td class=\"tg-0lax\" style=\"text-align: center;\">560<\/td>\r\n<td class=\"tg-0lax\" style=\"text-align: center;\">660<\/td>\r\n<td class=\"tg-0lax\" style=\"text-align: center;\">+ 50<\/td>\r\n<td class=\"tg-0lax\" style=\"text-align: center;\">+ 50<\/td>\r\n<\/tr>\r\n<tr>\r\n<td class=\"tg-0lax\" style=\"text-align: center;\">15.09-31.10<\/td>\r\n<td class=\"tg-0lax\" style=\"text-align: center;\">480<\/td>\r\n<td class=\"tg-0lax\" style=\"text-align: center;\">520<\/td>\r\n<td class=\"tg-0lax\" style=\"text-align: center;\">620<\/td>\r\n<td class=\"tg-0lax\" style=\"text-align: center;\">+ 50<\/td>\r\n<td class=\"tg-0lax\" style=\"text-align: center;\">+ 50<\/td>\r\n<\/tr>\r\n<\/tbody>\r\n<\/table>\r\n<p>[\/vc_column_text][\/vc_column][\/vc_row][vc_row][vc_column][vc_column_text size=&#8221;0&#8243;]<\/p>\r\n<h3><span style=\"color: #009895;\">WICHTIGE ZUS\u00c4TZLICHE INFORMATIONEN:<\/span><\/h3>\r\n<ul>\r\n<li style=\"text-align: justify;\"><span style=\"color: #017876;\">In der Hauptsaison vermieten wir die Ferienwohnung von Sonntag bis Sonntag bzw. von Samstag bis Samstag. In den anderen Zeitr\u00e4umen berechnen wir bei einem Aufenthalt von weniger als 10 Tagen eine Zusatzgeb\u00fchr von 200 PLN.<\/span><\/li>\r\n<li style=\"text-align: justify;\"><span style=\"color: #017876;\">Es stehen zwei Parkpl\u00e4tze f\u00fcr jede Ferienwohnung zur Verf\u00fcgung.<\/span><\/li>\r\n<li style=\"text-align: justify;\"><span style=\"color: #017876;\">In der gesamten Anlage gibt es kostenloses WLAN.<\/span><\/li>\r\n<li style=\"text-align: justify;\"><span style=\"color: #017876;\">Der Hoteltag beginnt am Anreisetag um 16.00 Uhr und endet am Abreisetag um 10.00 Uhr. Wir haben keine Aufenthaltsr\u00e4ume f\u00fcr G\u00e4ste, die vor 16.00 Uhr anreisen.<\/span><\/li>\r\n<\/ul>\r\n<p>[\/vc_column_text][\/vc_column][\/vc_row][vc_row][vc_column][vc_column_text]<\/p>\r\n<p>[\/vc_column_text][\/vc_column][\/vc_row]<\/p>","protected":false},"excerpt":{"rendered":"<p>[vc_row][vc_column enable_overlay=&#8221;true&#8221; css=&#8221;.vc_custom_1544446109082{margin-bottom: 30px !important;}&#8221;][vc_custom_heading text=&#8221;DREIZIMMERFERIENHAUS mit zusatzlichen Empore (Preis in PLN pro Wohnung pro Nacht) &#8221; font_container=&#8221;tag:h2|text_align:center|color:%23009895&#8243; use_theme_fonts=&#8221;yes&#8221;][\/vc_column][vc_column][vc_column_text size=&#8221;0&#8243;] 2022 Jahr(min. 3 Unterkunft) 2-4 Leute (einschlie\u00dflich Kinder) 5-6 Leute (einschlie\u00dflich Kinder) 7Leute\u00a0(einschlie\u00dflich Kinder) + extra(Empore) + extra (Empore) 29.04-03.05 600 640 740 + 50 + 50 04.05-25.05 460 500 600 + 50 + 50 &hellip;<\/p>\n","protected":false},"author":1,"featured_media":0,"parent":0,"menu_order":0,"comment_status":"closed","ping_status":"closed","template":"","meta":[],"_links":{"self":[{"href":"https:\/\/wavehouse-pobierowo.pl\/de\/index.php?rest_route=\/wp\/v2\/pages\/602"}],"collection":[{"href":"https:\/\/wavehouse-pobierowo.pl\/de\/index.php?rest_route=\/wp\/v2\/pages"}],"about":[{"href":"https:\/\/wavehouse-pobierowo.pl\/de\/index.php?rest_route=\/wp\/v2\/types\/page"}],"author":[{"embeddable":true,"href":"https:\/\/wavehouse-pobierowo.pl\/de\/index.php?rest_route=\/wp\/v2\/users\/1"}],"replies":[{"embeddable":true,"href":"https:\/\/wavehouse-pobierowo.pl\/de\/index.php?rest_route=%2Fwp%2Fv2%2Fcomments&post=602"}],"version-history":[{"count":67,"href":"https:\/\/wavehouse-pobierowo.pl\/de\/index.php?rest_route=\/wp\/v2\/pages\/602\/revisions"}],"predecessor-version":[{"id":1241,"href":"https:\/\/wavehouse-pobierowo.pl\/de\/index.php?rest_route=\/wp\/v2\/pages\/602\/revisions\/1241"}],"wp:attachment":[{"href":"https:\/\/wavehouse-pobierowo.pl\/de\/index.php?rest_route=%2Fwp%2Fv2%2Fmedia&parent=602"}],"curies":[{"name":"wp","href":"https:\/\/api.w.org\/{rel}","templated":true}]}}