{"id":595,"date":"2018-12-03T15:49:05","date_gmt":"2018-12-03T14:49:05","guid":{"rendered":"http:\/\/wavehouse-pobierowo.pl\/?page_id=595"},"modified":"2019-01-28T10:24:21","modified_gmt":"2019-01-28T09:24:21","slug":"o-nas","status":"publish","type":"page","link":"https:\/\/wavehouse-pobierowo.pl\/de\/?page_id=595","title":{"rendered":"\u00dcber uns"},"content":{"rendered":"<p>[vc_row][vc_column][vc_column_text size=&#8221;0&#8243;]<\/p>\n<p style=\"text-align: justify;\"><span class=\"tekst2\"><strong>WAVEhouse<\/strong>\u00a0ist eine Gruppe von neuen (f\u00fcr die Saison 2019) drei unabh\u00e4ngigen, komfortablen Ferienh\u00e4usern. Sie liegen in einem sch\u00f6nen Kiefernwald in Pobierowo und nur 150 Meter vom Strand entfernt. Jedes unserer H\u00e4user hat ist mit einer zus\u00e4tzlichen Empore ausgestattet, die weitere Schlafm\u00f6glichkeiten bietet. Im Erdgeschoss gibt es ein Wohnzimmer mit offener K\u00fcche, einen Hauswirtschaftsraum sowie ein Bad mit Dusche. Im ersten Stock gibt es zwei Schlafzimmer mit einer zus\u00e4tzlichen Toilette. Das Wohnzimmer \u00f6ffnet sich zu einer \u00fcberdachten Terrasse, die den Sitzbereich ausweitet. Jedes der H\u00e4user ist von Innen mit Details und Accessoires in drei unterschiedlichen Farben ausgestattet. Deshalb bieten wir Ihnen folgende Ferienh\u00e4user an: <\/span><\/p>\n<p style=\"text-align: justify;\">\u00b7\u00a0\u00a0\u00a0\u00a0\u00a0\u00a0\u00a0<span class=\"jeden\" style=\"color: #66b2ff;\"> <a style=\"color: #66b2ff;\" href=\"https:\/\/wavehouse-pobierowo.pl\/de\/?page_id=633\">das Ferienhaus Blau<\/a><\/span><\/p>\n<p style=\"text-align: justify;\">\u00b7\u00a0\u00a0\u00a0\u00a0\u00a0\u00a0\u00a0 <span class=\"dwa\" style=\"color: #009895;\"><a style=\"color: #009895;\" href=\"https:\/\/wavehouse-pobierowo.pl\/de\/?page_id=636\">das Ferienhaus T\u00fcrkis<\/a><\/span><\/p>\n<p style=\"text-align: justify;\">\u00b7\u00a0\u00a0\u00a0\u00a0\u00a0\u00a0\u00a0 <span class=\"trzy\" style=\"color: #66ffb2;\"><a style=\"color: #66ffb2;\" href=\"https:\/\/wavehouse-pobierowo.pl\/de\/?page_id=638\">das Ferienhaus Mint<\/a><\/span><\/p>\n<p style=\"text-align: justify;\"><span class=\"tekst2\">In jedem Ferienhaus k\u00f6nnen Sie kostenlos WLAN und TV (Smart TV) nutzen. Alle K\u00fcchen sind mit einem Geschirrsp\u00fcler, einem K\u00fchlschrank, einer Mikrowelle, einem elektrischen zwei Platten Herd, einer Sp\u00fcle, einem Wasserkocher, einer Kaffeemaschine, einem Toaster, T\u00f6pfen, Tellern, Besteck, Gl\u00e4sern, Tassen sowie kleinen K\u00fcchenutensilien ausgestattet. Jedes Badezimmer ist mit einer Waschmaschine, einem W\u00e4schetrockner und einem Haartrockner ausgestattet. F\u00fcr mehr Komfort verf\u00fcgt jedes Haus \u00fcber eine eigene Klimaanlage.<\/span><\/p>\n<p style=\"text-align: justify;\"><span class=\"tekst2\">Jedes Haus hat einen separaten Eingang und einen Ausgang vom Wohnzimmer zu einer \u00fcberdachten Terrasse mit Gartenm\u00f6beln, Grill und einem bequemen Sitz.<\/span><\/p>\n<p style=\"text-align: justify;\"><span class=\"tekst2\">Im Garten gibt es einen sicheren und gut ausgestatteten Kinderspielplatz (Schiff \/ Turm mit Schaukel und Rutsche, ein sicheres Trampolin und eine Tischtennisplatte). Auf dem Gel\u00e4nde finden Sie ebenfalls Platz um z.B. Volleyball oder Badminton zu spielen.<\/span><\/p>\n<p style=\"text-align: justify;\"><span class=\"tekst2\">Die Fl\u00e4che unseres Grundst\u00fccks betr\u00e4gt 1000 m2. Das gesamte Grundst\u00fcck ist eingez\u00e4unt und verf\u00fcgt \u00fcber einen eigenen Parkplatz (2 Parkpl\u00e4tze pro Haus).<\/span><\/p>\n<p style=\"text-align: justify;\"><span class=\"tekst2\">Das Haus ist ca. 3 Minuten (150 Meter) vom Strand entfernt. In unmittelbarer N\u00e4he gibt es ein Lebensmittelgesch\u00e4ft sowie ein Restaurant, das k\u00f6stliche Speisen serviert. Das Zentrum von Pobierowo ist fu\u00dfl\u00e4ufig in 15 Minuten zu erreichen.<\/span><\/p>\n<p style=\"text-align: justify;\"><span class=\"tekst2\">Apartamenty <strong>Die WAVEhouse<\/strong> H\u00e4user sind der perfekte Ort zum Entspannen f\u00fcr Familien mit Kindern und Gruppen von Freunden. Wir laden Sie herzlich ein!<\/span><\/p>\n<p style=\"text-align: justify;\"><strong><span class=\"tekst\" style=\"color: #009999;\">In jeden Ferienhaus erwartet Sie ein kleines Geschenk.<\/span><\/strong><\/p>\n<p>[\/vc_column_text][\/vc_column][\/vc_row]<\/p>\n","protected":false},"excerpt":{"rendered":"<p>[vc_row][vc_column][vc_column_text size=&#8221;0&#8243;] WAVEhouse\u00a0ist eine Gruppe von neuen (f\u00fcr die Saison 2019) drei unabh\u00e4ngigen, komfortablen Ferienh\u00e4usern. Sie liegen in einem sch\u00f6nen Kiefernwald in Pobierowo und nur 150 Meter vom Strand entfernt. Jedes unserer H\u00e4user hat ist mit einer zus\u00e4tzlichen Empore ausgestattet, die weitere Schlafm\u00f6glichkeiten bietet. Im Erdgeschoss gibt es ein Wohnzimmer mit offener K\u00fcche, einen Hauswirtschaftsraum &hellip;<\/p>\n","protected":false},"author":1,"featured_media":0,"parent":0,"menu_order":0,"comment_status":"closed","ping_status":"closed","template":"","meta":[],"_links":{"self":[{"href":"https:\/\/wavehouse-pobierowo.pl\/de\/index.php?rest_route=\/wp\/v2\/pages\/595"}],"collection":[{"href":"https:\/\/wavehouse-pobierowo.pl\/de\/index.php?rest_route=\/wp\/v2\/pages"}],"about":[{"href":"https:\/\/wavehouse-pobierowo.pl\/de\/index.php?rest_route=\/wp\/v2\/types\/page"}],"author":[{"embeddable":true,"href":"https:\/\/wavehouse-pobierowo.pl\/de\/index.php?rest_route=\/wp\/v2\/users\/1"}],"replies":[{"embeddable":true,"href":"https:\/\/wavehouse-pobierowo.pl\/de\/index.php?rest_route=%2Fwp%2Fv2%2Fcomments&post=595"}],"version-history":[{"count":19,"href":"https:\/\/wavehouse-pobierowo.pl\/de\/index.php?rest_route=\/wp\/v2\/pages\/595\/revisions"}],"predecessor-version":[{"id":1125,"href":"https:\/\/wavehouse-pobierowo.pl\/de\/index.php?rest_route=\/wp\/v2\/pages\/595\/revisions\/1125"}],"wp:attachment":[{"href":"https:\/\/wavehouse-pobierowo.pl\/de\/index.php?rest_route=%2Fwp%2Fv2%2Fmedia&parent=595"}],"curies":[{"name":"wp","href":"https:\/\/api.w.org\/{rel}","templated":true}]}}