{"id":5,"date":"2015-12-14T08:57:53","date_gmt":"2015-12-14T07:57:53","guid":{"rendered":"http:\/\/nemo-dziwnowek.pl\/?page_id=5"},"modified":"2023-06-01T00:05:28","modified_gmt":"2023-05-31T22:05:28","slug":"5-2","status":"publish","type":"page","link":"https:\/\/wavehouse-pobierowo.pl\/de\/","title":{"rendered":"Strona g\u0142\u00f3wna"},"content":{"rendered":"<p>[vc_row][vc_column][rev_slider_vc alias=&#8221;Slider&#8221;][\/vc_column][\/vc_row][vc_row][vc_column width=&#8221;1\/2&#8243;][vc_single_image image=&#8221;728&#8243; img_size=&#8221;large&#8221;][\/vc_column][vc_column width=&#8221;1\/2&#8243;][vc_column_text size=&#8221;0&#8243;]<\/p>\n<hr \/>\n<p style=\"text-align: justify; font-family: Constantia;\"><strong><span class=\"tytuly\" style=\"color: #009895;\">\u00dcber uns &#8211; Wavehouse Pobierowo<\/span><br \/>\n<\/strong><\/p>\n<p style=\"text-align: justify; font-family: Constantia;\"><span class=\"tekst\" style=\"color: #009895;\"><strong>WAVEhouse<\/strong> ist eine Gruppe von neuen (f\u00fcr die Saison 2019) drei unabh\u00e4ngigen, komfortablen Ferienh\u00e4usern. Sie liegen in einem sch\u00f6nen Kiefernwald in Pobierowo und nur 150 Meter vom Strand entfernt. Jedes unserer H\u00e4user ist mit einer zus\u00e4tzlichen Empore ausgestattet, die weitere Schlafm\u00f6glichkeiten bietet. Im Erdgeschoss gibt es ein Wohnzimmer mit offener K\u00fcche, einen Hauswirtschaftsraum sowie ein Bad mit Dusche. Im ersten Stock gibt es zwei Schlafzimmer mit einer zus\u00e4tzlichen Toilette. Das Wohnzimmer \u00f6ffnet sich zu einer \u00fcberdachten Terrasse, die den Sitzbereich ausweitet. Jedes der H\u00e4user ist von Innen mit Details und Accessoires in drei unterschiedlichen Farben ausgestattet. Deshalb bieten wir Ihnen folgende Ferienh\u00e4user an<\/span> <a href=\"http:\/\/wavehouse-pobierowo.pl\/blekitny\/\" target=\"_blank\" rel=\"noopener noreferrer\"><span class=\"jeden\" style=\"color: #a5cfdd;\">das Ferienhaus Blau<\/span><\/a>, <span class=\"dwa\" style=\"color: #009895;\"><a style=\"color: #009895;\" href=\"http:\/\/wavehouse-pobierowo.pl\/turkusowy\/\" target=\"_blank\" rel=\"noopener noreferrer\">das Ferienhaus T\u00fcrkis<\/a><\/span>, <span class=\"trzy\" style=\"color: #66ffb2;\"><a style=\"color: #66ffb2;\" href=\"http:\/\/wavehouse-pobierowo.pl\/mietowy\/\" target=\"_blank\" rel=\"noopener noreferrer\">das Ferienhaus Mint<\/a> <\/span>&#8230;<strong><span class=\"tekst\" style=\"color: #009895;\"> <a style=\"color: #017777; text-decoration: underline;\" href=\"https:\/\/wavehouse-pobierowo.pl\/de\/?page_id=595\">mehr.<\/a><\/span><\/strong><\/p>\n<p>[\/vc_column_text][\/vc_column][\/vc_row][vc_row enable_overlay=&#8221;true&#8221;][vc_column width=&#8221;1\/2&#8243; enable_overlay=&#8221;true&#8221;][vc_column_text size=&#8221;0&#8243;]<\/p>\n<hr \/>\n<p style=\"text-align: justify; font-family: Constantia;\"><span class=\"tytuly\" style=\"color: #009895;\"><strong>POBIEROWO<\/strong><\/span><\/p>\n<p style=\"text-align: justify; font-family: Constantia;\"><span class=\"tekst\" style=\"color: #009895;\"><strong>Pobierowo<\/strong>ist ein Ostseedorf in der Woiwodschaft Westpommern, im Landkreis Gryfice, in der Gemeinde Rewal, die auch als Rewal Coast bekannt ist. Dies ist die gr\u00f6\u00dfte Stadt der Gemeinde, die jedes Jahr Tausende von Touristen als Sommerurlaubsort anzieht. Die lokalen, gepflegten, blumigen Stra\u00dfen, der breite, saubere Strand (mehrfach mit der Blauen Flagge ausgezeichnet) sowie viele andere Attraktionen , reichhaltigen gastronomischen Einrichtungen, viele Rad- und Wanderwege sowie der Nachbarschaft von St\u00e4dten mit interessanten Sehensw\u00fcrdigkeiten (Rewal, Niechorze, Trz\u0119sacz) , Pogorzelica, Pustkowo) sind zweifellos die Vorz\u00fcge dieses Ortes&#8230;.<strong> <a style=\"color: #017777;\" href=\"https:\/\/wavehouse-pobierowo.pl\/de\/?page_id=17\"><span style=\"text-decoration: underline;\">mehr<\/span>.<\/a><\/strong><\/span><\/p>\n<p>[\/vc_column_text][\/vc_column][vc_column width=&#8221;1\/2&#8243; enable_overlay=&#8221;true&#8221; css=&#8221;.vc_custom_1486391099316{margin-top: 30px !important;}&#8221;][vc_single_image image=&#8221;730&#8243; img_size=&#8221;large&#8221; css=&#8221;.vc_custom_1545050224620{margin-top: 15px !important;}&#8221;][vc_video link=&#8221;&#8221;][\/vc_column][\/vc_row][vc_row][vc_column][vc_column_text size=&#8221;18&#8243;]<\/p>\n<hr \/>\n<h1 style=\"font-family: Constantia; text-align: center; font-size: 38px;\"><strong><span style=\"color: #017876;\">DREIZIMMERFERIENHAUS<\/span><br \/>\n<\/strong><\/h1>\n<p>[\/vc_column_text][\/vc_column][vc_column width=&#8221;1\/3&#8243; enable_overlay=&#8221;true&#8221;][vc_custom_heading text=&#8221;Blau&#8221; font_container=&#8221;tag:h1|text_align:center|color:%2366b2ff&#8221; use_theme_fonts=&#8221;yes&#8221; link=&#8221;url:http%3A%2F%2Fwavehouse-pobierowo.pl%2Fblekitny%2F||&#8221;][vc_single_image image=&#8221;943&#8243; img_size=&#8221;large&#8221; alignment=&#8221;center&#8221; onclick=&#8221;custom_link&#8221; link=&#8221;http:\/\/wavehouse-pobierowo.pl\/blekitny\/&#8221;][\/vc_column][vc_column width=&#8221;1\/3&#8243; enable_overlay=&#8221;true&#8221;][vc_custom_heading text=&#8221;T\u00fcrkis&#8221; font_container=&#8221;tag:h1|text_align:center|color:%23009895&#8243; use_theme_fonts=&#8221;yes&#8221; link=&#8221;url:http%3A%2F%2Fwavehouse-pobierowo.pl%2Fturkusowy||&#8221;][vc_single_image image=&#8221;944&#8243; img_size=&#8221;large&#8221; alignment=&#8221;center&#8221; onclick=&#8221;custom_link&#8221; link=&#8221;http:\/\/wavehouse-pobierowo.pl\/turkusowy\/&#8221;][\/vc_column][vc_column width=&#8221;1\/3&#8243; enable_overlay=&#8221;true&#8221;][vc_custom_heading text=&#8221;Mint&#8221; font_container=&#8221;tag:h1|text_align:center|color:%2366ffb2&#8243; use_theme_fonts=&#8221;yes&#8221; link=&#8221;url:http%3A%2F%2Fwavehouse-pobierowo.pl%2Fmietowy%2F||&#8221;][vc_single_image image=&#8221;945&#8243; img_size=&#8221;large&#8221; alignment=&#8221;center&#8221; onclick=&#8221;custom_link&#8221; link=&#8221;http:\/\/wavehouse-pobierowo.pl\/mietowy&#8221;][\/vc_column][\/vc_row][vc_row][vc_column enable_overlay=&#8221;true&#8221; el_class=&#8221;align-items: center&#8221; offset=&#8221;vc_col-xs-12&#8243;][vc_column_text size=&#8221;18&#8243;]<\/p>\n<hr \/>\n<p style=\"font-family: Constantia; text-align: center; font-size: 38px;\"><span style=\"color: #017876;\"><strong><a style=\"color: #017876;\" href=\"http:\/\/wavehouse-pobierowo.pl\/galeria-zdjec\/\">FOTOGALERIE<\/a><\/strong><\/span><\/p>\n<p>[\/vc_column_text][vc_column_text size=&#8221;0&#8243;]<\/p>\n<div id='gallery-1' class='gallery galleryid-5 gallery-columns-8 gallery-size-thumbnail'><figure class='gallery-item'>\n\t\t\t<div class='gallery-icon landscape'>\n\t\t\t\t<a href='https:\/\/wavehouse-pobierowo.pl\/de\/wp-content\/uploads\/2021\/01\/IMG_5424.jpg'><img width=\"150\" height=\"150\" src=\"https:\/\/wavehouse-pobierowo.pl\/de\/wp-content\/uploads\/2021\/01\/IMG_5424-150x150.jpg\" class=\"attachment-thumbnail size-thumbnail\" alt=\"\" decoding=\"async\" loading=\"lazy\" srcset=\"https:\/\/wavehouse-pobierowo.pl\/de\/wp-content\/uploads\/2021\/01\/IMG_5424-150x150.jpg 150w, https:\/\/wavehouse-pobierowo.pl\/de\/wp-content\/uploads\/2021\/01\/IMG_5424-350x350.jpg 350w\" sizes=\"(max-width: 150px) 100vw, 150px\" \/><\/a>\n\t\t\t<\/div><\/figure><figure class='gallery-item'>\n\t\t\t<div class='gallery-icon landscape'>\n\t\t\t\t<a href='https:\/\/wavehouse-pobierowo.pl\/de\/wp-content\/uploads\/2021\/01\/IMG_5408.jpg'><img width=\"150\" height=\"150\" src=\"https:\/\/wavehouse-pobierowo.pl\/de\/wp-content\/uploads\/2021\/01\/IMG_5408-150x150.jpg\" class=\"attachment-thumbnail size-thumbnail\" alt=\"\" decoding=\"async\" loading=\"lazy\" srcset=\"https:\/\/wavehouse-pobierowo.pl\/de\/wp-content\/uploads\/2021\/01\/IMG_5408-150x150.jpg 150w, https:\/\/wavehouse-pobierowo.pl\/de\/wp-content\/uploads\/2021\/01\/IMG_5408-350x350.jpg 350w\" sizes=\"(max-width: 150px) 100vw, 150px\" \/><\/a>\n\t\t\t<\/div><\/figure><figure class='gallery-item'>\n\t\t\t<div class='gallery-icon landscape'>\n\t\t\t\t<a href='https:\/\/wavehouse-pobierowo.pl\/de\/wp-content\/uploads\/2021\/01\/IMG_5954.jpg'><img width=\"150\" height=\"150\" src=\"https:\/\/wavehouse-pobierowo.pl\/de\/wp-content\/uploads\/2021\/01\/IMG_5954-150x150.jpg\" class=\"attachment-thumbnail size-thumbnail\" alt=\"\" decoding=\"async\" loading=\"lazy\" srcset=\"https:\/\/wavehouse-pobierowo.pl\/de\/wp-content\/uploads\/2021\/01\/IMG_5954-150x150.jpg 150w, https:\/\/wavehouse-pobierowo.pl\/de\/wp-content\/uploads\/2021\/01\/IMG_5954-350x350.jpg 350w\" sizes=\"(max-width: 150px) 100vw, 150px\" \/><\/a>\n\t\t\t<\/div><\/figure><figure class='gallery-item'>\n\t\t\t<div class='gallery-icon landscape'>\n\t\t\t\t<a href='https:\/\/wavehouse-pobierowo.pl\/de\/wp-content\/uploads\/2021\/01\/IMG_5946.jpg'><img width=\"150\" height=\"150\" src=\"https:\/\/wavehouse-pobierowo.pl\/de\/wp-content\/uploads\/2021\/01\/IMG_5946-150x150.jpg\" class=\"attachment-thumbnail size-thumbnail\" alt=\"\" decoding=\"async\" loading=\"lazy\" srcset=\"https:\/\/wavehouse-pobierowo.pl\/de\/wp-content\/uploads\/2021\/01\/IMG_5946-150x150.jpg 150w, https:\/\/wavehouse-pobierowo.pl\/de\/wp-content\/uploads\/2021\/01\/IMG_5946-350x350.jpg 350w\" sizes=\"(max-width: 150px) 100vw, 150px\" \/><\/a>\n\t\t\t<\/div><\/figure><figure class='gallery-item'>\n\t\t\t<div class='gallery-icon landscape'>\n\t\t\t\t<a href='https:\/\/wavehouse-pobierowo.pl\/de\/wp-content\/uploads\/2021\/01\/IMG_5953.jpg'><img width=\"150\" height=\"150\" src=\"https:\/\/wavehouse-pobierowo.pl\/de\/wp-content\/uploads\/2021\/01\/IMG_5953-150x150.jpg\" class=\"attachment-thumbnail size-thumbnail\" alt=\"\" decoding=\"async\" loading=\"lazy\" srcset=\"https:\/\/wavehouse-pobierowo.pl\/de\/wp-content\/uploads\/2021\/01\/IMG_5953-150x150.jpg 150w, https:\/\/wavehouse-pobierowo.pl\/de\/wp-content\/uploads\/2021\/01\/IMG_5953-350x350.jpg 350w\" sizes=\"(max-width: 150px) 100vw, 150px\" \/><\/a>\n\t\t\t<\/div><\/figure><figure class='gallery-item'>\n\t\t\t<div class='gallery-icon landscape'>\n\t\t\t\t<a href='https:\/\/wavehouse-pobierowo.pl\/de\/wp-content\/uploads\/2018\/12\/IMG_4839.jpg'><img width=\"150\" height=\"150\" src=\"https:\/\/wavehouse-pobierowo.pl\/de\/wp-content\/uploads\/2018\/12\/IMG_4839-150x150.jpg\" class=\"attachment-thumbnail size-thumbnail\" alt=\"\" decoding=\"async\" loading=\"lazy\" srcset=\"https:\/\/wavehouse-pobierowo.pl\/de\/wp-content\/uploads\/2018\/12\/IMG_4839-150x150.jpg 150w, https:\/\/wavehouse-pobierowo.pl\/de\/wp-content\/uploads\/2018\/12\/IMG_4839-180x180.jpg 180w, https:\/\/wavehouse-pobierowo.pl\/de\/wp-content\/uploads\/2018\/12\/IMG_4839-300x300.jpg 300w, https:\/\/wavehouse-pobierowo.pl\/de\/wp-content\/uploads\/2018\/12\/IMG_4839-600x600.jpg 600w, https:\/\/wavehouse-pobierowo.pl\/de\/wp-content\/uploads\/2018\/12\/IMG_4839-350x350.jpg 350w\" sizes=\"(max-width: 150px) 100vw, 150px\" \/><\/a>\n\t\t\t<\/div><\/figure><figure class='gallery-item'>\n\t\t\t<div class='gallery-icon landscape'>\n\t\t\t\t<a href='https:\/\/wavehouse-pobierowo.pl\/de\/wp-content\/uploads\/2018\/12\/IMG_4843.jpg'><img width=\"150\" height=\"150\" src=\"https:\/\/wavehouse-pobierowo.pl\/de\/wp-content\/uploads\/2018\/12\/IMG_4843-150x150.jpg\" class=\"attachment-thumbnail size-thumbnail\" alt=\"\" decoding=\"async\" loading=\"lazy\" srcset=\"https:\/\/wavehouse-pobierowo.pl\/de\/wp-content\/uploads\/2018\/12\/IMG_4843-150x150.jpg 150w, https:\/\/wavehouse-pobierowo.pl\/de\/wp-content\/uploads\/2018\/12\/IMG_4843-180x180.jpg 180w, https:\/\/wavehouse-pobierowo.pl\/de\/wp-content\/uploads\/2018\/12\/IMG_4843-300x300.jpg 300w, https:\/\/wavehouse-pobierowo.pl\/de\/wp-content\/uploads\/2018\/12\/IMG_4843-600x600.jpg 600w, https:\/\/wavehouse-pobierowo.pl\/de\/wp-content\/uploads\/2018\/12\/IMG_4843-350x350.jpg 350w\" sizes=\"(max-width: 150px) 100vw, 150px\" \/><\/a>\n\t\t\t<\/div><\/figure><figure class='gallery-item'>\n\t\t\t<div class='gallery-icon landscape'>\n\t\t\t\t<a href='https:\/\/wavehouse-pobierowo.pl\/de\/wp-content\/uploads\/2018\/12\/IMG_4846.jpg'><img width=\"150\" height=\"150\" src=\"https:\/\/wavehouse-pobierowo.pl\/de\/wp-content\/uploads\/2018\/12\/IMG_4846-150x150.jpg\" class=\"attachment-thumbnail size-thumbnail\" alt=\"\" decoding=\"async\" loading=\"lazy\" srcset=\"https:\/\/wavehouse-pobierowo.pl\/de\/wp-content\/uploads\/2018\/12\/IMG_4846-150x150.jpg 150w, https:\/\/wavehouse-pobierowo.pl\/de\/wp-content\/uploads\/2018\/12\/IMG_4846-180x180.jpg 180w, https:\/\/wavehouse-pobierowo.pl\/de\/wp-content\/uploads\/2018\/12\/IMG_4846-300x300.jpg 300w, https:\/\/wavehouse-pobierowo.pl\/de\/wp-content\/uploads\/2018\/12\/IMG_4846-600x600.jpg 600w, https:\/\/wavehouse-pobierowo.pl\/de\/wp-content\/uploads\/2018\/12\/IMG_4846-350x350.jpg 350w\" sizes=\"(max-width: 150px) 100vw, 150px\" \/><\/a>\n\t\t\t<\/div><\/figure><figure class='gallery-item'>\n\t\t\t<div class='gallery-icon landscape'>\n\t\t\t\t<a href='https:\/\/wavehouse-pobierowo.pl\/de\/wp-content\/uploads\/2018\/12\/IMG_4838.jpg'><img width=\"150\" height=\"150\" src=\"https:\/\/wavehouse-pobierowo.pl\/de\/wp-content\/uploads\/2018\/12\/IMG_4838-150x150.jpg\" class=\"attachment-thumbnail size-thumbnail\" alt=\"\" decoding=\"async\" loading=\"lazy\" srcset=\"https:\/\/wavehouse-pobierowo.pl\/de\/wp-content\/uploads\/2018\/12\/IMG_4838-150x150.jpg 150w, https:\/\/wavehouse-pobierowo.pl\/de\/wp-content\/uploads\/2018\/12\/IMG_4838-180x180.jpg 180w, https:\/\/wavehouse-pobierowo.pl\/de\/wp-content\/uploads\/2018\/12\/IMG_4838-300x300.jpg 300w, https:\/\/wavehouse-pobierowo.pl\/de\/wp-content\/uploads\/2018\/12\/IMG_4838-600x600.jpg 600w, https:\/\/wavehouse-pobierowo.pl\/de\/wp-content\/uploads\/2018\/12\/IMG_4838-350x350.jpg 350w\" sizes=\"(max-width: 150px) 100vw, 150px\" \/><\/a>\n\t\t\t<\/div><\/figure><figure class='gallery-item'>\n\t\t\t<div class='gallery-icon landscape'>\n\t\t\t\t<a href='https:\/\/wavehouse-pobierowo.pl\/de\/wp-content\/uploads\/2015\/12\/toaleta_pietro.jpg'><img width=\"150\" height=\"150\" src=\"https:\/\/wavehouse-pobierowo.pl\/de\/wp-content\/uploads\/2015\/12\/toaleta_pietro-150x150.jpg\" class=\"attachment-thumbnail size-thumbnail\" alt=\"\" decoding=\"async\" loading=\"lazy\" srcset=\"https:\/\/wavehouse-pobierowo.pl\/de\/wp-content\/uploads\/2015\/12\/toaleta_pietro-150x150.jpg 150w, https:\/\/wavehouse-pobierowo.pl\/de\/wp-content\/uploads\/2015\/12\/toaleta_pietro-180x180.jpg 180w, https:\/\/wavehouse-pobierowo.pl\/de\/wp-content\/uploads\/2015\/12\/toaleta_pietro-300x300.jpg 300w, https:\/\/wavehouse-pobierowo.pl\/de\/wp-content\/uploads\/2015\/12\/toaleta_pietro-600x600.jpg 600w, https:\/\/wavehouse-pobierowo.pl\/de\/wp-content\/uploads\/2015\/12\/toaleta_pietro-350x350.jpg 350w\" sizes=\"(max-width: 150px) 100vw, 150px\" \/><\/a>\n\t\t\t<\/div><\/figure><figure class='gallery-item'>\n\t\t\t<div class='gallery-icon landscape'>\n\t\t\t\t<a href='https:\/\/wavehouse-pobierowo.pl\/de\/wp-content\/uploads\/2015\/12\/Waves_ma\u0142e-27.jpg'><img width=\"150\" height=\"150\" src=\"https:\/\/wavehouse-pobierowo.pl\/de\/wp-content\/uploads\/2015\/12\/Waves_ma\u0142e-27-150x150.jpg\" class=\"attachment-thumbnail size-thumbnail\" alt=\"\" decoding=\"async\" loading=\"lazy\" srcset=\"https:\/\/wavehouse-pobierowo.pl\/de\/wp-content\/uploads\/2015\/12\/Waves_ma\u0142e-27-150x150.jpg 150w, https:\/\/wavehouse-pobierowo.pl\/de\/wp-content\/uploads\/2015\/12\/Waves_ma\u0142e-27-180x180.jpg 180w, https:\/\/wavehouse-pobierowo.pl\/de\/wp-content\/uploads\/2015\/12\/Waves_ma\u0142e-27-300x300.jpg 300w, https:\/\/wavehouse-pobierowo.pl\/de\/wp-content\/uploads\/2015\/12\/Waves_ma\u0142e-27-600x600.jpg 600w, https:\/\/wavehouse-pobierowo.pl\/de\/wp-content\/uploads\/2015\/12\/Waves_ma\u0142e-27-350x350.jpg 350w\" sizes=\"(max-width: 150px) 100vw, 150px\" \/><\/a>\n\t\t\t<\/div><\/figure><figure class='gallery-item'>\n\t\t\t<div class='gallery-icon portrait'>\n\t\t\t\t<a href='https:\/\/wavehouse-pobierowo.pl\/de\/wp-content\/uploads\/2015\/12\/Waves_ma\u0142e-8.jpg'><img width=\"150\" height=\"150\" src=\"https:\/\/wavehouse-pobierowo.pl\/de\/wp-content\/uploads\/2015\/12\/Waves_ma\u0142e-8-150x150.jpg\" class=\"attachment-thumbnail size-thumbnail\" alt=\"\" decoding=\"async\" loading=\"lazy\" srcset=\"https:\/\/wavehouse-pobierowo.pl\/de\/wp-content\/uploads\/2015\/12\/Waves_ma\u0142e-8-150x150.jpg 150w, https:\/\/wavehouse-pobierowo.pl\/de\/wp-content\/uploads\/2015\/12\/Waves_ma\u0142e-8-180x180.jpg 180w, https:\/\/wavehouse-pobierowo.pl\/de\/wp-content\/uploads\/2015\/12\/Waves_ma\u0142e-8-300x300.jpg 300w, https:\/\/wavehouse-pobierowo.pl\/de\/wp-content\/uploads\/2015\/12\/Waves_ma\u0142e-8-600x600.jpg 600w, https:\/\/wavehouse-pobierowo.pl\/de\/wp-content\/uploads\/2015\/12\/Waves_ma\u0142e-8-350x350.jpg 350w\" sizes=\"(max-width: 150px) 100vw, 150px\" \/><\/a>\n\t\t\t<\/div><\/figure><figure class='gallery-item'>\n\t\t\t<div class='gallery-icon landscape'>\n\t\t\t\t<a href='https:\/\/wavehouse-pobierowo.pl\/de\/wp-content\/uploads\/2015\/12\/Waves_ma\u0142e-36.jpg'><img width=\"150\" height=\"150\" src=\"https:\/\/wavehouse-pobierowo.pl\/de\/wp-content\/uploads\/2015\/12\/Waves_ma\u0142e-36-150x150.jpg\" class=\"attachment-thumbnail size-thumbnail\" alt=\"\" decoding=\"async\" loading=\"lazy\" srcset=\"https:\/\/wavehouse-pobierowo.pl\/de\/wp-content\/uploads\/2015\/12\/Waves_ma\u0142e-36-150x150.jpg 150w, https:\/\/wavehouse-pobierowo.pl\/de\/wp-content\/uploads\/2015\/12\/Waves_ma\u0142e-36-180x180.jpg 180w, https:\/\/wavehouse-pobierowo.pl\/de\/wp-content\/uploads\/2015\/12\/Waves_ma\u0142e-36-300x300.jpg 300w, https:\/\/wavehouse-pobierowo.pl\/de\/wp-content\/uploads\/2015\/12\/Waves_ma\u0142e-36-600x600.jpg 600w, https:\/\/wavehouse-pobierowo.pl\/de\/wp-content\/uploads\/2015\/12\/Waves_ma\u0142e-36-350x350.jpg 350w\" sizes=\"(max-width: 150px) 100vw, 150px\" \/><\/a>\n\t\t\t<\/div><\/figure><figure class='gallery-item'>\n\t\t\t<div class='gallery-icon landscape'>\n\t\t\t\t<a href='https:\/\/wavehouse-pobierowo.pl\/de\/wp-content\/uploads\/2015\/12\/Waves_ma\u0142e-341.jpg'><img width=\"150\" height=\"150\" src=\"https:\/\/wavehouse-pobierowo.pl\/de\/wp-content\/uploads\/2015\/12\/Waves_ma\u0142e-341-150x150.jpg\" class=\"attachment-thumbnail size-thumbnail\" alt=\"\" decoding=\"async\" loading=\"lazy\" srcset=\"https:\/\/wavehouse-pobierowo.pl\/de\/wp-content\/uploads\/2015\/12\/Waves_ma\u0142e-341-150x150.jpg 150w, https:\/\/wavehouse-pobierowo.pl\/de\/wp-content\/uploads\/2015\/12\/Waves_ma\u0142e-341-180x180.jpg 180w, https:\/\/wavehouse-pobierowo.pl\/de\/wp-content\/uploads\/2015\/12\/Waves_ma\u0142e-341-300x300.jpg 300w, https:\/\/wavehouse-pobierowo.pl\/de\/wp-content\/uploads\/2015\/12\/Waves_ma\u0142e-341-600x600.jpg 600w, https:\/\/wavehouse-pobierowo.pl\/de\/wp-content\/uploads\/2015\/12\/Waves_ma\u0142e-341-350x350.jpg 350w\" sizes=\"(max-width: 150px) 100vw, 150px\" \/><\/a>\n\t\t\t<\/div><\/figure><figure class='gallery-item'>\n\t\t\t<div class='gallery-icon landscape'>\n\t\t\t\t<a href='https:\/\/wavehouse-pobierowo.pl\/de\/wp-content\/uploads\/2015\/12\/Waves_ma\u0142e-501.jpg'><img width=\"150\" height=\"150\" src=\"https:\/\/wavehouse-pobierowo.pl\/de\/wp-content\/uploads\/2015\/12\/Waves_ma\u0142e-501-150x150.jpg\" class=\"attachment-thumbnail size-thumbnail\" alt=\"\" decoding=\"async\" loading=\"lazy\" srcset=\"https:\/\/wavehouse-pobierowo.pl\/de\/wp-content\/uploads\/2015\/12\/Waves_ma\u0142e-501-150x150.jpg 150w, https:\/\/wavehouse-pobierowo.pl\/de\/wp-content\/uploads\/2015\/12\/Waves_ma\u0142e-501-180x180.jpg 180w, https:\/\/wavehouse-pobierowo.pl\/de\/wp-content\/uploads\/2015\/12\/Waves_ma\u0142e-501-300x300.jpg 300w, https:\/\/wavehouse-pobierowo.pl\/de\/wp-content\/uploads\/2015\/12\/Waves_ma\u0142e-501-600x600.jpg 600w, https:\/\/wavehouse-pobierowo.pl\/de\/wp-content\/uploads\/2015\/12\/Waves_ma\u0142e-501-350x350.jpg 350w\" sizes=\"(max-width: 150px) 100vw, 150px\" \/><\/a>\n\t\t\t<\/div><\/figure><figure class='gallery-item'>\n\t\t\t<div class='gallery-icon landscape'>\n\t\t\t\t<a href='https:\/\/wavehouse-pobierowo.pl\/de\/wp-content\/uploads\/2015\/12\/lazienka_dolna.jpg'><img width=\"150\" height=\"150\" src=\"https:\/\/wavehouse-pobierowo.pl\/de\/wp-content\/uploads\/2015\/12\/lazienka_dolna-150x150.jpg\" class=\"attachment-thumbnail size-thumbnail\" alt=\"\" decoding=\"async\" loading=\"lazy\" srcset=\"https:\/\/wavehouse-pobierowo.pl\/de\/wp-content\/uploads\/2015\/12\/lazienka_dolna-150x150.jpg 150w, https:\/\/wavehouse-pobierowo.pl\/de\/wp-content\/uploads\/2015\/12\/lazienka_dolna-180x180.jpg 180w, https:\/\/wavehouse-pobierowo.pl\/de\/wp-content\/uploads\/2015\/12\/lazienka_dolna-300x300.jpg 300w, https:\/\/wavehouse-pobierowo.pl\/de\/wp-content\/uploads\/2015\/12\/lazienka_dolna-600x600.jpg 600w, https:\/\/wavehouse-pobierowo.pl\/de\/wp-content\/uploads\/2015\/12\/lazienka_dolna-350x350.jpg 350w\" sizes=\"(max-width: 150px) 100vw, 150px\" \/><\/a>\n\t\t\t<\/div><\/figure>\n\t\t<\/div>\n\n<p>[\/vc_column_text][\/vc_column][\/vc_row][vc_row][vc_column width=&#8221;2\/3&#8243;][vc_gmaps link=&#8221;#E-8_JTNDaWZyYW1lJTIwc3JjJTNEJTIyaHR0cHMlM0ElMkYlMkZ3d3cuZ29vZ2xlLmNvbSUyRm1hcHMlMkZkJTJGZW1iZWQlM0ZtaWQlM0QxWklHMVB4blFSb0M1blB6cnpmTmtabHBNbzRYWk5EcTclMjIlMjB3aWR0aCUzRCUyMjY0MCUyMiUyMGhlaWdodCUzRCUyMjQ4MCUyMiUzRSUzQyUyRmlmcmFtZSUzRQ==&#8221;][\/vc_column][vc_column width=&#8221;1\/3&#8243;][vc_column_text size=&#8221;0&#8243; css=&#8221;.vc_custom_1685570726547{margin-top: 30px !important;}&#8221;]<\/p>\n<hr \/>\n<p><span class=\"tytuly\" style=\"color: #009895;\">Unsere Adresse<\/span><\/p>\n<p><span style=\"color: #009895;\">WAVEhouse Pobierowo<\/span><\/p>\n<p><span style=\"color: #009895;\">Piastowska 18 B Stra\u00dfe<\/span><\/p>\n<p><span style=\"color: #009895;\">72-346 Pobierowo Gemeinschaft Rewal<\/span><\/p>\n<p><a href=\"mailto:&gt;biuro@wavehouse-pobierowo.pl\"><strong><span style=\"color: #009895;\">biuro@wavehouse-pobierowo.pl<\/span><\/strong><\/a>[\/vc_column_text][\/vc_column][\/vc_row]<\/p>\n","protected":false},"excerpt":{"rendered":"<p>[vc_row][vc_column][rev_slider_vc alias=&#8221;Slider&#8221;][\/vc_column][\/vc_row][vc_row][vc_column width=&#8221;1\/2&#8243;][vc_single_image image=&#8221;728&#8243; img_size=&#8221;large&#8221;][\/vc_column][vc_column width=&#8221;1\/2&#8243;][vc_column_text size=&#8221;0&#8243;] \u00dcber uns &#8211; Wavehouse Pobierowo WAVEhouse ist eine Gruppe von neuen (f\u00fcr die Saison 2019) drei unabh\u00e4ngigen, komfortablen Ferienh\u00e4usern. Sie liegen in einem sch\u00f6nen Kiefernwald in Pobierowo und nur 150 Meter vom Strand entfernt. Jedes unserer H\u00e4user ist mit einer zus\u00e4tzlichen Empore ausgestattet, die weitere Schlafm\u00f6glichkeiten bietet. Im &hellip;<\/p>\n","protected":false},"author":1,"featured_media":0,"parent":0,"menu_order":0,"comment_status":"closed","ping_status":"closed","template":"","meta":[],"_links":{"self":[{"href":"https:\/\/wavehouse-pobierowo.pl\/de\/index.php?rest_route=\/wp\/v2\/pages\/5"}],"collection":[{"href":"https:\/\/wavehouse-pobierowo.pl\/de\/index.php?rest_route=\/wp\/v2\/pages"}],"about":[{"href":"https:\/\/wavehouse-pobierowo.pl\/de\/index.php?rest_route=\/wp\/v2\/types\/page"}],"author":[{"embeddable":true,"href":"https:\/\/wavehouse-pobierowo.pl\/de\/index.php?rest_route=\/wp\/v2\/users\/1"}],"replies":[{"embeddable":true,"href":"https:\/\/wavehouse-pobierowo.pl\/de\/index.php?rest_route=%2Fwp%2Fv2%2Fcomments&post=5"}],"version-history":[{"count":209,"href":"https:\/\/wavehouse-pobierowo.pl\/de\/index.php?rest_route=\/wp\/v2\/pages\/5\/revisions"}],"predecessor-version":[{"id":1247,"href":"https:\/\/wavehouse-pobierowo.pl\/de\/index.php?rest_route=\/wp\/v2\/pages\/5\/revisions\/1247"}],"wp:attachment":[{"href":"https:\/\/wavehouse-pobierowo.pl\/de\/index.php?rest_route=%2Fwp%2Fv2%2Fmedia&parent=5"}],"curies":[{"name":"wp","href":"https:\/\/api.w.org\/{rel}","templated":true}]}}