{"id":17,"date":"2015-12-14T10:45:52","date_gmt":"2015-12-14T09:45:52","guid":{"rendered":"http:\/\/nemo-dziwnowek.pl\/?page_id=17"},"modified":"2020-02-13T00:24:31","modified_gmt":"2020-02-12T23:24:31","slug":"pobierowo","status":"publish","type":"page","link":"https:\/\/wavehouse-pobierowo.pl\/de\/?page_id=17","title":{"rendered":"Pobierowo"},"content":{"rendered":"<p>[vc_row][vc_column][vc_column_text size=&#8221;0&#8243;]<\/p>\n<hr \/>\n<p style=\"font-family: Constantia; text-align: center;\"><span class=\"tytuly\" style=\"color: #009895;\"><strong>POBIEROWO<\/strong><\/span><\/p>\n<p style=\"text-align: justify; font-family: Constantia;\"><span style=\"color: #009895;\"><strong>Pobierowo<\/strong> ist ein Ostseedorf in der Woiwodschaft Westpommern, im Landkreis Gryfice, in der Gemeinde Rewal, die auch als Rewal Coast bekannt ist. Dies ist die gr\u00f6\u00dfte Stadt der Gemeinde, die jedes Jahr Tausende von Touristen als Sommerurlaubsort anzieht. Die lokalen, gepflegten, blumigen Stra\u00dfen, der breite, saubere Strand (mehrfach mit der Blauen Flagge ausgezeichnet) sowie viele andere Attraktionen , reichhaltigen gastronomischen Einrichtungen, viele Rad- und Wanderwege sowie der Nachbarschaft von St\u00e4dten mit interessanten Sehensw\u00fcrdigkeiten (Rewal, Niechorze, Trz\u0119sacz) , Pogorzelica, Pustkowo) sind zweifellos die Vorz\u00fcge dieses Ortes.<strong>.<\/strong><\/span><\/p>\n<p style=\"text-align: justify; font-family: Constantia;\"><span style=\"color: #009895;\">Machen Sie einen Spaziergang entlang der l\u00e4ngsten, 4 km langen Stra\u00dfe Grunwaldzka, die 24 Stunden am Tag lebendig ist. Hier finden Sie zahlreiche Restaurants, Eisdielen, Souvenirst\u00e4nde, Diskotheken usw. Sie k\u00f6nnen das historische Hotel Seeblick und das Haus von Ewa Braun besuchen. Die Kinder freuen sich bestimmt \u00fcber einen Besuch im Kletterpark oder im Upside-down Haus. In der N\u00e4he von Niechorze lohnt es sich, den Leuchtturm zu besuchen, in Trz\u0119sacz die Ruinen der Kirche auf der Klippe zu sehen oder das gro\u00dfe Kreuz der Hoffnung in Pustk\u00f3w. In Rewal oder in Pogorzelica k\u00f6nnen Sie in die renovierte Schmalspurbahn einsteigen und mit ihr die sch\u00f6ne Umgebung erkunden.<\/span><\/p>\n<p>&nbsp;<\/p>\n<p><img decoding=\"async\" loading=\"lazy\" class=\"wp-image-678 size-medium alignnone\" src=\"http:\/\/wavehouse-pobierowo.pl\/wp-content\/uploads\/2015\/12\/pobierowo-15-08-58-4971-300x200.jpg\" alt=\"\" width=\"300\" height=\"200\" srcset=\"https:\/\/wavehouse-pobierowo.pl\/de\/wp-content\/uploads\/2015\/12\/pobierowo-15-08-58-4971-300x200.jpg 300w, https:\/\/wavehouse-pobierowo.pl\/de\/wp-content\/uploads\/2015\/12\/pobierowo-15-08-58-4971.jpg 1024w\" sizes=\"(max-width: 300px) 100vw, 300px\" \/><img decoding=\"async\" loading=\"lazy\" class=\"size-medium wp-image-679 alignnone\" src=\"http:\/\/wavehouse-pobierowo.pl\/wp-content\/uploads\/2015\/12\/pobierowo-15-08-58-2475-300x200.jpg\" alt=\"\" width=\"300\" height=\"200\" srcset=\"https:\/\/wavehouse-pobierowo.pl\/de\/wp-content\/uploads\/2015\/12\/pobierowo-15-08-58-2475-300x200.jpg 300w, https:\/\/wavehouse-pobierowo.pl\/de\/wp-content\/uploads\/2015\/12\/pobierowo-15-08-58-2475.jpg 1024w\" sizes=\"(max-width: 300px) 100vw, 300px\" \/> <img decoding=\"async\" loading=\"lazy\" class=\"size-medium wp-image-683 alignnone\" src=\"http:\/\/wavehouse-pobierowo.pl\/wp-content\/uploads\/2015\/12\/pobierowo-15-08-53-511-300x200.jpg\" alt=\"\" width=\"300\" height=\"200\" srcset=\"https:\/\/wavehouse-pobierowo.pl\/de\/wp-content\/uploads\/2015\/12\/pobierowo-15-08-53-511-300x200.jpg 300w, https:\/\/wavehouse-pobierowo.pl\/de\/wp-content\/uploads\/2015\/12\/pobierowo-15-08-53-511.jpg 1024w\" sizes=\"(max-width: 300px) 100vw, 300px\" \/><img decoding=\"async\" loading=\"lazy\" class=\"size-medium wp-image-684 alignnone\" src=\"http:\/\/wavehouse-pobierowo.pl\/wp-content\/uploads\/2015\/12\/pobierowo-15-08-48-4687-300x200.jpg\" alt=\"\" width=\"300\" height=\"200\" srcset=\"https:\/\/wavehouse-pobierowo.pl\/de\/wp-content\/uploads\/2015\/12\/pobierowo-15-08-48-4687-300x200.jpg 300w, https:\/\/wavehouse-pobierowo.pl\/de\/wp-content\/uploads\/2015\/12\/pobierowo-15-08-48-4687.jpg 1024w\" sizes=\"(max-width: 300px) 100vw, 300px\" \/><img decoding=\"async\" loading=\"lazy\" class=\"size-medium wp-image-680 alignnone\" src=\"http:\/\/wavehouse-pobierowo.pl\/wp-content\/uploads\/2015\/12\/pobierowo-15-08-57-0272-300x200.jpg\" alt=\"\" width=\"300\" height=\"200\" srcset=\"https:\/\/wavehouse-pobierowo.pl\/de\/wp-content\/uploads\/2015\/12\/pobierowo-15-08-57-0272-300x200.jpg 300w, https:\/\/wavehouse-pobierowo.pl\/de\/wp-content\/uploads\/2015\/12\/pobierowo-15-08-57-0272.jpg 1024w\" sizes=\"(max-width: 300px) 100vw, 300px\" \/><img decoding=\"async\" loading=\"lazy\" class=\"size-medium wp-image-682 alignnone\" src=\"http:\/\/wavehouse-pobierowo.pl\/wp-content\/uploads\/2015\/12\/pobierowo-15-08-48-4819-300x200.jpg\" alt=\"\" width=\"300\" height=\"200\" srcset=\"https:\/\/wavehouse-pobierowo.pl\/de\/wp-content\/uploads\/2015\/12\/pobierowo-15-08-48-4819-300x200.jpg 300w, https:\/\/wavehouse-pobierowo.pl\/de\/wp-content\/uploads\/2015\/12\/pobierowo-15-08-48-4819.jpg 1024w\" sizes=\"(max-width: 300px) 100vw, 300px\" \/><img decoding=\"async\" loading=\"lazy\" class=\"size-medium wp-image-681 alignnone\" src=\"http:\/\/wavehouse-pobierowo.pl\/wp-content\/uploads\/2015\/12\/pobierowo-15-08-49-3797-300x200.jpg\" alt=\"\" width=\"300\" height=\"200\" srcset=\"https:\/\/wavehouse-pobierowo.pl\/de\/wp-content\/uploads\/2015\/12\/pobierowo-15-08-49-3797-300x200.jpg 300w, https:\/\/wavehouse-pobierowo.pl\/de\/wp-content\/uploads\/2015\/12\/pobierowo-15-08-49-3797.jpg 1024w\" sizes=\"(max-width: 300px) 100vw, 300px\" \/><img decoding=\"async\" loading=\"lazy\" class=\"size-medium wp-image-685 alignnone\" src=\"http:\/\/wavehouse-pobierowo.pl\/wp-content\/uploads\/2015\/12\/pobierowo-15-08-59-5214-300x200.jpg\" alt=\"\" width=\"300\" height=\"200\" srcset=\"https:\/\/wavehouse-pobierowo.pl\/de\/wp-content\/uploads\/2015\/12\/pobierowo-15-08-59-5214-300x200.jpg 300w, https:\/\/wavehouse-pobierowo.pl\/de\/wp-content\/uploads\/2015\/12\/pobierowo-15-08-59-5214.jpg 1024w\" sizes=\"(max-width: 300px) 100vw, 300px\" \/><\/p>\n","protected":false},"excerpt":{"rendered":"<p>[vc_row][vc_column][vc_column_text size=&#8221;0&#8243;] POBIEROWO Pobierowo ist ein Ostseedorf in der Woiwodschaft Westpommern, im Landkreis Gryfice, in der Gemeinde Rewal, die auch als Rewal Coast bekannt ist. Dies ist die gr\u00f6\u00dfte Stadt der Gemeinde, die jedes Jahr Tausende von Touristen als Sommerurlaubsort anzieht. Die lokalen, gepflegten, blumigen Stra\u00dfen, der breite, saubere Strand (mehrfach mit der Blauen Flagge &hellip;<\/p>\n","protected":false},"author":1,"featured_media":0,"parent":0,"menu_order":0,"comment_status":"closed","ping_status":"closed","template":"","meta":[],"_links":{"self":[{"href":"https:\/\/wavehouse-pobierowo.pl\/de\/index.php?rest_route=\/wp\/v2\/pages\/17"}],"collection":[{"href":"https:\/\/wavehouse-pobierowo.pl\/de\/index.php?rest_route=\/wp\/v2\/pages"}],"about":[{"href":"https:\/\/wavehouse-pobierowo.pl\/de\/index.php?rest_route=\/wp\/v2\/types\/page"}],"author":[{"embeddable":true,"href":"https:\/\/wavehouse-pobierowo.pl\/de\/index.php?rest_route=\/wp\/v2\/users\/1"}],"replies":[{"embeddable":true,"href":"https:\/\/wavehouse-pobierowo.pl\/de\/index.php?rest_route=%2Fwp%2Fv2%2Fcomments&post=17"}],"version-history":[{"count":31,"href":"https:\/\/wavehouse-pobierowo.pl\/de\/index.php?rest_route=\/wp\/v2\/pages\/17\/revisions"}],"predecessor-version":[{"id":1171,"href":"https:\/\/wavehouse-pobierowo.pl\/de\/index.php?rest_route=\/wp\/v2\/pages\/17\/revisions\/1171"}],"wp:attachment":[{"href":"https:\/\/wavehouse-pobierowo.pl\/de\/index.php?rest_route=%2Fwp%2Fv2%2Fmedia&parent=17"}],"curies":[{"name":"wp","href":"https:\/\/api.w.org\/{rel}","templated":true}]}}