{"id":15,"date":"2015-12-14T10:45:31","date_gmt":"2015-12-14T09:45:31","guid":{"rendered":"http:\/\/nemo-dziwnowek.pl\/?page_id=15"},"modified":"2023-06-01T00:05:37","modified_gmt":"2023-05-31T22:05:37","slug":"kontakt","status":"publish","type":"page","link":"https:\/\/wavehouse-pobierowo.pl\/de\/?page_id=15","title":{"rendered":"Kontakt"},"content":{"rendered":"<p>[vc_row][vc_column width=&#8221;1\/3&#8243;][vc_column_text size=&#8221;0&#8243;]<\/p>\n<h3 style=\"font-family: Constantia;\"><span style=\"color: #009895;\"><strong>Kontakt<\/strong><\/span><\/h3>\n<p>[\/vc_column_text]<div role=\"form\" class=\"wpcf7\" id=\"wpcf7-f4-o1\" lang=\"pl-PL\" dir=\"ltr\">\n<div class=\"screen-reader-response\"><p role=\"status\" aria-live=\"polite\" aria-atomic=\"true\"><\/p> <ul><\/ul><\/div>\n<form action=\"\/de\/index.php?rest_route=%2Fwp%2Fv2%2Fpages%2F15#wpcf7-f4-o1\" method=\"post\" class=\"wpcf7-form init\" novalidate=\"novalidate\" data-status=\"init\">\n<div style=\"display: none;\">\n<input type=\"hidden\" name=\"_wpcf7\" value=\"4\" \/>\n<input type=\"hidden\" name=\"_wpcf7_version\" value=\"5.6.4\" \/>\n<input type=\"hidden\" name=\"_wpcf7_locale\" value=\"pl_PL\" \/>\n<input type=\"hidden\" name=\"_wpcf7_unit_tag\" value=\"wpcf7-f4-o1\" \/>\n<input type=\"hidden\" name=\"_wpcf7_container_post\" value=\"0\" \/>\n<input type=\"hidden\" name=\"_wpcf7_posted_data_hash\" value=\"\" \/>\n<input type=\"hidden\" name=\"_wpcf7_recaptcha_response\" value=\"\" \/>\n<\/div>\n<p>Vorname and Nachname (erforderlich)<br \/>\n    <span class=\"wpcf7-form-control-wrap\" data-name=\"your-name\"><input type=\"text\" name=\"your-name\" value=\"\" size=\"40\" class=\"wpcf7-form-control wpcf7-text wpcf7-validates-as-required\" aria-required=\"true\" aria-invalid=\"false\" \/><\/span> <\/p>\n<p>Adresse email (erforderlich)<br \/>\n    <span class=\"wpcf7-form-control-wrap\" data-name=\"your-email\"><input type=\"email\" name=\"your-email\" value=\"\" size=\"40\" class=\"wpcf7-form-control wpcf7-text wpcf7-email wpcf7-validates-as-required wpcf7-validates-as-email\" aria-required=\"true\" aria-invalid=\"false\" \/><\/span> <\/p>\n<p>Telefonnummer <br \/>\n<span class=\"wpcf7-form-control-wrap\" data-name=\"tel-826\"><input type=\"tel\" name=\"tel-826\" value=\"\" size=\"40\" class=\"wpcf7-form-control wpcf7-text wpcf7-tel wpcf7-validates-as-required wpcf7-validates-as-tel\" aria-required=\"true\" aria-invalid=\"false\" \/><\/span> <\/p>\n<p>Thema<br \/>\n    <span class=\"wpcf7-form-control-wrap\" data-name=\"your-subject\"><input type=\"text\" name=\"your-subject\" value=\"\" size=\"40\" class=\"wpcf7-form-control wpcf7-text\" aria-invalid=\"false\" \/><\/span> <\/p>\n<p>Inhalt der Nachricht<br \/>\n    <span class=\"wpcf7-form-control-wrap\" data-name=\"your-message\"><textarea name=\"your-message\" cols=\"40\" rows=\"10\" class=\"wpcf7-form-control wpcf7-textarea wpcf7-validates-as-required\" aria-required=\"true\" aria-invalid=\"false\"><\/textarea><\/span> <\/p>\n<p><input type=\"submit\" value=\"Senden\" class=\"wpcf7-form-control has-spinner wpcf7-submit\" \/><\/p>\n<p style=\"display: none !important;\"><label>&#916;<textarea name=\"_wpcf7_ak_hp_textarea\" cols=\"45\" rows=\"8\" maxlength=\"100\"><\/textarea><\/label><input type=\"hidden\" id=\"ak_js_1\" name=\"_wpcf7_ak_js\" value=\"153\"\/><script>document.getElementById( \"ak_js_1\" ).setAttribute( \"value\", ( new Date() ).getTime() );<\/script><\/p><div class=\"wpcf7-response-output\" aria-hidden=\"true\"><\/div><\/form><\/div>[\/vc_column][vc_column width=&#8221;2\/3&#8243;][vc_column_text size=&#8221;0&#8243;][\/vc_column_text][vc_column_text size=&#8221;0&#8243;]<\/p>\n<h3><span style=\"color: #009895;\"><span class=\"tlid-translation translation\"><span class=\"\" title=\"\">Kontaktdaten<\/span><\/span><\/span><\/h3>\n<p><span style=\"color: #009895;\">WAVEhouse Pobierowo<\/span><\/p>\n<p><span style=\"color: #009895;\">Piastowska 18 B\u00a0<span class=\"tlid-translation translation\"><span class=\"\" title=\"\">Stra\u00dfe<\/span><\/span><br \/>\n<\/span><\/p>\n<p><span style=\"color: #009895;\">72-346 Pobierowo <span class=\"tlid-translation translation\"><span class=\"\" title=\"\">Gemeinschaft<\/span><\/span> Rewal<\/span><\/p>\n<p><a href=\"mailto:&gt;biuro@wavehouse-pobierowo.pl\"><strong><span style=\"color: #009895;\">biuro@wavehouse-pobierowo.pl<\/span><\/strong><\/a>[\/vc_column_text][vc_column_text size=&#8221;0&#8243;]<\/p>\n<p style=\"text-align: center;\"><strong><span style=\"color: #009895;\">Wegbeschreibung zu uns:<br \/>\n<\/span><\/strong><\/p>\n<p><span style=\"color: #009895;\">Pobierowo kann aus drei Richtungen erreicht werden: Gryfice-Gosty\u0144, Trzebiat\u00f3w-Rewal und Kamie\u0144 Pom.-Szczecin<\/span>[\/vc_column_text][vc_raw_html]JTBBJTNDaWZyYW1lJTIwc3JjJTNEJTIyaHR0cHMlM0ElMkYlMkZ3d3cuZ29vZ2xlLmNvbSUyRm1hcHMlMkZkJTJGZW1iZWQlM0ZtaWQlM0QxWklHMVB4blFSb0M1blB6cnpmTmtabHBNbzRYWk5EcTclMjIlMjB3aWR0aCUzRCUyMjY0MCUyMiUyMGhlaWdodCUzRCUyMjQ4MCUyMiUzRSUzQyUyRmlmcmFtZSUzRQ==[\/vc_raw_html][\/vc_column][\/vc_row][vc_row][vc_column][\/vc_column][\/vc_row]<\/p>\n","protected":false},"excerpt":{"rendered":"<p>[vc_row][vc_column width=&#8221;1\/3&#8243;][vc_column_text size=&#8221;0&#8243;] Kontakt [\/vc_column_text][\/vc_column][vc_column width=&#8221;2\/3&#8243;][vc_column_text size=&#8221;0&#8243;][\/vc_column_text][vc_column_text size=&#8221;0&#8243;] Kontaktdaten WAVEhouse Pobierowo Piastowska 18 B\u00a0Stra\u00dfe 72-346 Pobierowo Gemeinschaft Rewal biuro@wavehouse-pobierowo.pl[\/vc_column_text][vc_column_text size=&#8221;0&#8243;] Wegbeschreibung zu uns: Pobierowo kann aus drei Richtungen erreicht werden: Gryfice-Gosty\u0144, Trzebiat\u00f3w-Rewal und Kamie\u0144 Pom.-Szczecin[\/vc_column_text][vc_raw_html]JTBBJTNDaWZyYW1lJTIwc3JjJTNEJTIyaHR0cHMlM0ElMkYlMkZ3d3cuZ29vZ2xlLmNvbSUyRm1hcHMlMkZkJTJGZW1iZWQlM0ZtaWQlM0QxWklHMVB4blFSb0M1blB6cnpmTmtabHBNbzRYWk5EcTclMjIlMjB3aWR0aCUzRCUyMjY0MCUyMiUyMGhlaWdodCUzRCUyMjQ4MCUyMiUzRSUzQyUyRmlmcmFtZSUzRQ==[\/vc_raw_html][\/vc_column][\/vc_row][vc_row][vc_column][\/vc_column][\/vc_row]<\/p>\n","protected":false},"author":1,"featured_media":0,"parent":0,"menu_order":0,"comment_status":"closed","ping_status":"closed","template":"","meta":[],"_links":{"self":[{"href":"https:\/\/wavehouse-pobierowo.pl\/de\/index.php?rest_route=\/wp\/v2\/pages\/15"}],"collection":[{"href":"https:\/\/wavehouse-pobierowo.pl\/de\/index.php?rest_route=\/wp\/v2\/pages"}],"about":[{"href":"https:\/\/wavehouse-pobierowo.pl\/de\/index.php?rest_route=\/wp\/v2\/types\/page"}],"author":[{"embeddable":true,"href":"https:\/\/wavehouse-pobierowo.pl\/de\/index.php?rest_route=\/wp\/v2\/users\/1"}],"replies":[{"embeddable":true,"href":"https:\/\/wavehouse-pobierowo.pl\/de\/index.php?rest_route=%2Fwp%2Fv2%2Fcomments&post=15"}],"version-history":[{"count":56,"href":"https:\/\/wavehouse-pobierowo.pl\/de\/index.php?rest_route=\/wp\/v2\/pages\/15\/revisions"}],"predecessor-version":[{"id":1248,"href":"https:\/\/wavehouse-pobierowo.pl\/de\/index.php?rest_route=\/wp\/v2\/pages\/15\/revisions\/1248"}],"wp:attachment":[{"href":"https:\/\/wavehouse-pobierowo.pl\/de\/index.php?rest_route=%2Fwp%2Fv2%2Fmedia&parent=15"}],"curies":[{"name":"wp","href":"https:\/\/api.w.org\/{rel}","templated":true}]}}